{"id":6,"date":"2022-02-03T04:13:09","date_gmt":"2022-02-03T04:13:09","guid":{"rendered":"https:\/\/emiamerica.ca\/?page_id=6"},"modified":"2023-10-26T15:10:32","modified_gmt":"2023-10-26T15:10:32","slug":"home","status":"publish","type":"page","link":"https:\/\/emiamerica.ca\/","title":{"rendered":"Accueil"},"content":{"rendered":"\t\t<div data-elementor-type=\"wp-page\" data-elementor-id=\"6\" class=\"elementor elementor-6\">\n\t\t\t\t<div class=\"elementor-element elementor-element-779c93d e-con-full e-flex e-con e-parent\" data-id=\"779c93d\" data-element_type=\"container\" data-e-type=\"container\">\n\t\t<div class=\"elementor-element elementor-element-b6fa64d e-con-full e-flex e-con e-child\" data-id=\"b6fa64d\" data-element_type=\"container\" data-e-type=\"container\">\n\t\t\t\t<\/div>\n\t\t\t\t<\/div>\n\t\t\t\t<section class=\"elementor-section elementor-top-section elementor-element elementor-element-f914ca7 elementor-section-boxed elementor-section-height-default elementor-section-height-default\" data-id=\"f914ca7\" data-element_type=\"section\" data-e-type=\"section\" data-settings=\"{&quot;background_background&quot;:&quot;classic&quot;}\">\n\t\t\t\t\t\t<div class=\"elementor-container elementor-column-gap-default\">\n\t\t\t\t\t<div class=\"elementor-column elementor-col-100 elementor-top-column elementor-element elementor-element-2c201f6\" data-id=\"2c201f6\" data-element_type=\"column\" data-e-type=\"column\">\n\t\t\t<div class=\"elementor-widget-wrap elementor-element-populated\">\n\t\t\t\t\t\t<section class=\"elementor-section elementor-inner-section elementor-element elementor-element-7a10a95 elementor-section-content-middle elementor-section-full_width elementor-section-height-default elementor-section-height-default\" data-id=\"7a10a95\" data-element_type=\"section\" data-e-type=\"section\">\n\t\t\t\t\t\t<div class=\"elementor-container elementor-column-gap-default\">\n\t\t\t\t\t<div class=\"elementor-column elementor-col-50 elementor-inner-column elementor-element elementor-element-da0b631\" data-id=\"da0b631\" data-element_type=\"column\" data-e-type=\"column\">\n\t\t\t<div class=\"elementor-widget-wrap elementor-element-populated\">\n\t\t\t\t\t\t<div class=\"elementor-element elementor-element-a24bb40 elementor-widget elementor-widget-image\" data-id=\"a24bb40\" data-element_type=\"widget\" data-e-type=\"widget\" data-widget_type=\"image.default\">\n\t\t\t\t<div class=\"elementor-widget-container\">\n\t\t\t\t\t\t\t\t\t\t\t\t\t\t\t<img fetchpriority=\"high\" decoding=\"async\" width=\"1920\" height=\"1280\" src=\"https:\/\/emiamerica.ca\/wp-content\/uploads\/2023\/10\/engineers-helping-design-work-on-blueprints-1724713963-min-2880w.webp\" class=\"attachment-full size-full wp-image-2230\" alt=\"emiamerica photo home\" srcset=\"https:\/\/emiamerica.ca\/wp-content\/uploads\/2023\/10\/engineers-helping-design-work-on-blueprints-1724713963-min-2880w.webp 1920w, https:\/\/emiamerica.ca\/wp-content\/uploads\/2023\/10\/engineers-helping-design-work-on-blueprints-1724713963-min-2880w-300x200.webp 300w, https:\/\/emiamerica.ca\/wp-content\/uploads\/2023\/10\/engineers-helping-design-work-on-blueprints-1724713963-min-2880w-1024x683.webp 1024w, https:\/\/emiamerica.ca\/wp-content\/uploads\/2023\/10\/engineers-helping-design-work-on-blueprints-1724713963-min-2880w-768x512.webp 768w, https:\/\/emiamerica.ca\/wp-content\/uploads\/2023\/10\/engineers-helping-design-work-on-blueprints-1724713963-min-2880w-370x247.webp 370w, https:\/\/emiamerica.ca\/wp-content\/uploads\/2023\/10\/engineers-helping-design-work-on-blueprints-1724713963-min-2880w-270x180.webp 270w, https:\/\/emiamerica.ca\/wp-content\/uploads\/2023\/10\/engineers-helping-design-work-on-blueprints-1724713963-min-2880w-1536x1024.webp 1536w, https:\/\/emiamerica.ca\/wp-content\/uploads\/2023\/10\/engineers-helping-design-work-on-blueprints-1724713963-min-2880w-360x240.webp 360w\" sizes=\"(max-width: 1920px) 100vw, 1920px\" \/>\t\t\t\t\t\t\t\t\t\t\t\t\t\t\t<\/div>\n\t\t\t\t<\/div>\n\t\t\t\t\t<\/div>\n\t\t<\/div>\n\t\t\t\t<div class=\"elementor-column elementor-col-50 elementor-inner-column elementor-element elementor-element-7c4141b\" data-id=\"7c4141b\" data-element_type=\"column\" data-e-type=\"column\">\n\t\t\t<div class=\"elementor-widget-wrap elementor-element-populated\">\n\t\t\t\t\t\t<div class=\"elementor-element elementor-element-8e3b8e1 elementor-widget elementor-widget-heading\" data-id=\"8e3b8e1\" data-element_type=\"widget\" data-e-type=\"widget\" data-widget_type=\"heading.default\">\n\t\t\t\t<div class=\"elementor-widget-container\">\n\t\t\t\t\t<p class=\"elementor-heading-title elementor-size-default\">L\u2019Association des Laur\u00e9ats de l\u2019\u00c9cole Mohammadia d\u2019Ing\u00e9nieurs Am\u00e9rique du Nord a lanc\u00e9 officiellement ses activit\u00e9s le dimanche 5 Mars 2017, \u00e0 la maison du citoyen de Saint-Michel.<\/p>\t\t\t\t<\/div>\n\t\t\t\t<\/div>\n\t\t\t\t\t<\/div>\n\t\t<\/div>\n\t\t\t\t\t<\/div>\n\t\t<\/section>\n\t\t\t\t\t<\/div>\n\t\t<\/div>\n\t\t\t\t\t<\/div>\n\t\t<\/section>\n\t\t\t\t<section class=\"elementor-section elementor-top-section elementor-element elementor-element-4478dc7 elementor-section-boxed elementor-section-height-default elementor-section-height-default\" data-id=\"4478dc7\" data-element_type=\"section\" data-e-type=\"section\">\n\t\t\t\t\t\t<div class=\"elementor-container elementor-column-gap-default\">\n\t\t\t\t\t<div class=\"elementor-column elementor-col-100 elementor-top-column elementor-element elementor-element-d659a6f\" data-id=\"d659a6f\" data-element_type=\"column\" data-e-type=\"column\">\n\t\t\t<div class=\"elementor-widget-wrap elementor-element-populated\">\n\t\t\t\t\t\t<section class=\"elementor-section elementor-inner-section elementor-element elementor-element-a8707b2 elementor-section-boxed elementor-section-height-default elementor-section-height-default\" data-id=\"a8707b2\" data-element_type=\"section\" data-e-type=\"section\">\n\t\t\t\t\t\t<div class=\"elementor-container elementor-column-gap-default\">\n\t\t\t\t\t<div class=\"elementor-column elementor-col-100 elementor-inner-column elementor-element elementor-element-4949ed7\" data-id=\"4949ed7\" data-element_type=\"column\" data-e-type=\"column\">\n\t\t\t<div class=\"elementor-widget-wrap elementor-element-populated\">\n\t\t\t\t\t\t<div class=\"elementor-element elementor-element-e6b69d4 elementor-widget elementor-widget-heading\" data-id=\"e6b69d4\" data-element_type=\"widget\" data-e-type=\"widget\" data-widget_type=\"heading.default\">\n\t\t\t\t<div class=\"elementor-widget-container\">\n\t\t\t\t\t<h5 class=\"elementor-heading-title elementor-size-default\">Au cours de cette activit\u00e9, son comit\u00e9 ex\u00e9cutif a fait rappeler les objectifs de l\u2019association :\n<\/h5>\t\t\t\t<\/div>\n\t\t\t\t<\/div>\n\t\t\t\t\t<\/div>\n\t\t<\/div>\n\t\t\t\t\t<\/div>\n\t\t<\/section>\n\t\t\t\t\t<\/div>\n\t\t<\/div>\n\t\t\t\t\t<\/div>\n\t\t<\/section>\n\t\t\t\t<section class=\"elementor-section elementor-top-section elementor-element elementor-element-c337617 elementor-reverse-mobile elementor-section-boxed elementor-section-height-default elementor-section-height-default\" data-id=\"c337617\" data-element_type=\"section\" data-e-type=\"section\" data-settings=\"{&quot;background_background&quot;:&quot;classic&quot;}\">\n\t\t\t\t\t\t\t<div class=\"elementor-background-overlay\"><\/div>\n\t\t\t\t\t\t\t<div class=\"elementor-container elementor-column-gap-default\">\n\t\t\t\t\t<div class=\"elementor-column elementor-col-100 elementor-top-column elementor-element elementor-element-05823b4\" data-id=\"05823b4\" data-element_type=\"column\" data-e-type=\"column\" data-settings=\"{&quot;background_background&quot;:&quot;classic&quot;}\">\n\t\t\t<div class=\"elementor-widget-wrap elementor-element-populated\">\n\t\t\t\t\t<div class=\"elementor-background-overlay\"><\/div>\n\t\t\t\t\t\t<div class=\"elementor-element elementor-element-368239e elementor-widget elementor-widget-heading\" data-id=\"368239e\" data-element_type=\"widget\" data-e-type=\"widget\" data-widget_type=\"heading.default\">\n\t\t\t\t<div class=\"elementor-widget-container\">\n\t\t\t\t\t<h1 class=\"elementor-heading-title elementor-size-default\">Association des Laur\u00e9ats de l\u2019\u00c9cole Mohammadia d\u2019Ing\u00e9nieurs Am\u00e9rique du Nord\n<\/h1>\t\t\t\t<\/div>\n\t\t\t\t<\/div>\n\t\t\t\t\t<\/div>\n\t\t<\/div>\n\t\t\t\t\t<\/div>\n\t\t<\/section>\n\t\t<div class=\"elementor-element elementor-element-1edc303 e-flex e-con-boxed e-con e-parent\" data-id=\"1edc303\" data-element_type=\"container\" data-e-type=\"container\">\n\t\t\t\t\t<div class=\"e-con-inner\">\n\t\t\t\t<div class=\"elementor-element elementor-element-bd0d21d elementor-widget__width-inherit elementor-widget elementor-widget-meafe-clients\" data-id=\"bd0d21d\" data-element_type=\"widget\" data-e-type=\"widget\" data-settings=\"{&quot;bccgs_clients_per_line&quot;:&quot;4&quot;,&quot;bccgs_clients_per_line_tablet&quot;:&quot;3&quot;,&quot;bccgs_clients_per_line_mobile&quot;:&quot;2&quot;,&quot;bccgs_clients_carousel_autoplay_speed&quot;:3000}\" data-widget_type=\"meafe-clients.default\">\n\t\t\t\t<div class=\"elementor-widget-container\">\n\t\t\t\t\t        <div id=\"bd0d21d\" class=\"meafe-clients meafe-gapless-grid\">\n            <div class=\"meafe-grid-container meafe-grid-desktop-4 meafe-grid-tablet-3 meafe-grid-mobile-2 no-swiper\">\n                                                            <div class=\"meafe-grid-item meafe-client \">\n                            <img decoding=\"async\" width=\"200\" height=\"200\" src=\"https:\/\/emiamerica.ca\/wp-content\/uploads\/2023\/10\/1533473394107-640w.webp\" class=\"meafe-image full\" alt=\"\" srcset=\"https:\/\/emiamerica.ca\/wp-content\/uploads\/2023\/10\/1533473394107-640w.webp 200w, https:\/\/emiamerica.ca\/wp-content\/uploads\/2023\/10\/1533473394107-640w-150x150.webp 150w, https:\/\/emiamerica.ca\/wp-content\/uploads\/2023\/10\/1533473394107-640w-170x170.webp 170w\" sizes=\"(max-width: 200px) 100vw, 200px\" \/>                        <\/div><!-- .meafe-client -->\n                                            <div class=\"meafe-grid-item meafe-client \">\n                            <img decoding=\"async\" width=\"1221\" height=\"1576\" src=\"https:\/\/emiamerica.ca\/wp-content\/uploads\/2023\/10\/logo-640w.png\" class=\"meafe-image full\" alt=\"\" srcset=\"https:\/\/emiamerica.ca\/wp-content\/uploads\/2023\/10\/logo-640w.png 1221w, https:\/\/emiamerica.ca\/wp-content\/uploads\/2023\/10\/logo-640w-232x300.png 232w, https:\/\/emiamerica.ca\/wp-content\/uploads\/2023\/10\/logo-640w-793x1024.png 793w, https:\/\/emiamerica.ca\/wp-content\/uploads\/2023\/10\/logo-640w-768x991.png 768w, https:\/\/emiamerica.ca\/wp-content\/uploads\/2023\/10\/logo-640w-1190x1536.png 1190w\" sizes=\"(max-width: 1221px) 100vw, 1221px\" \/>                        <\/div><!-- .meafe-client -->\n                                    \n                            <\/div>\n        <\/div><!-- .meafe-clients -->\n        \t\t\t\t<\/div>\n\t\t\t\t<\/div>\n\t\t\t\t\t<\/div>\n\t\t\t\t<\/div>\n\t\t\t\t<\/div>\n\t\t","protected":false},"excerpt":{"rendered":"<p>L\u2019Association des Laur\u00e9ats de l\u2019\u00c9cole Mohammadia d\u2019Ing\u00e9nieurs Am\u00e9rique du Nord a lanc\u00e9 officiellement ses activit\u00e9s le dimanche 5 Mars 2017, \u00e0 la maison du citoyen de Saint-Michel. Au cours de [&hellip;]<\/p>\n","protected":false},"author":1,"featured_media":0,"parent":0,"menu_order":0,"comment_status":"closed","ping_status":"closed","template":"elementor_header_footer","meta":{"footnotes":""},"class_list":["post-6","page","type-page","status-publish","hentry","rishi-post","no-post-thumbnail"],"rishi__cb_customizer_meta":{"page_title_panel":"","page_title_hero_section":"default","breadcrumbs_single_page":"no","single_page_alignment":"left","single_page_margin":{"desktop":50,"tablet":30,"mobile":30},"aac338e73165c961e29feabd2eafbcab":"","page_structure_type":"default","900c2213c7c3cdf0b51ba8140a39ced9":"","content_style_source":"inherit","content_style":"box-layout","blog_page_streched_ed":"no","vertical_spacing_source":"custom","content_area_spacing":"none","single_page_content_background":{"background_type":"color","background_pattern":"type-1","background_image":{"attachment_id":null,"x":0,"y":0},"gradient":"linear-gradient(135deg,rgba(6,147,227,1) 0%,rgb(155,81,224) 100%)","background_repeat":"no-repeat","background_size":"auto","background_attachment":"scroll","patternColor":{"default":{"color":"#e5e7ea"}},"overlayColor":{"default":{"color":"CT_CSS_SKIP_RULE"}},"backgroundColor":{"default":{"color":"var(--paletteColor5)"}}},"single_page_content_boxed_shadow":{"inherit":false,"blur":18,"spread":-6,"v_offset":12,"h_offset":0,"inset":false,"enable":false,"color":{"color":"rgba(34, 56, 101, 0.04)"}},"single_page_boxed_content_spacing":{"top":"40px","bottom":"40px","left":"40px","right":"40px","linked":true},"single_page_content_boxed_radius":{"top":"3px","bottom":"3px","left":"3px","right":"3px","linked":true},"449ba135da6b153cf4ba7a1a1de1c0f0":"","disable_featured_image":"no","disable_comments":"no","disable_header":"no","disable_footer":"no"},"_links":{"self":[{"href":"https:\/\/emiamerica.ca\/index.php?rest_route=\/wp\/v2\/pages\/6","targetHints":{"allow":["GET"]}}],"collection":[{"href":"https:\/\/emiamerica.ca\/index.php?rest_route=\/wp\/v2\/pages"}],"about":[{"href":"https:\/\/emiamerica.ca\/index.php?rest_route=\/wp\/v2\/types\/page"}],"author":[{"embeddable":true,"href":"https:\/\/emiamerica.ca\/index.php?rest_route=\/wp\/v2\/users\/1"}],"replies":[{"embeddable":true,"href":"https:\/\/emiamerica.ca\/index.php?rest_route=%2Fwp%2Fv2%2Fcomments&post=6"}],"version-history":[{"count":5,"href":"https:\/\/emiamerica.ca\/index.php?rest_route=\/wp\/v2\/pages\/6\/revisions"}],"predecessor-version":[{"id":2370,"href":"https:\/\/emiamerica.ca\/index.php?rest_route=\/wp\/v2\/pages\/6\/revisions\/2370"}],"wp:attachment":[{"href":"https:\/\/emiamerica.ca\/index.php?rest_route=%2Fwp%2Fv2%2Fmedia&parent=6"}],"curies":[{"name":"wp","href":"https:\/\/api.w.org\/{rel}","templated":true}]}}