{"id":1126,"date":"2022-02-03T09:53:14","date_gmt":"2022-02-03T09:53:14","guid":{"rendered":"https:\/\/emiamerica.ca\/?page_id=1126"},"modified":"2023-10-26T20:28:24","modified_gmt":"2023-10-26T20:28:24","slug":"teacher","status":"publish","type":"page","link":"https:\/\/emiamerica.ca\/?page_id=1126","title":{"rendered":"Teacher"},"content":{"rendered":"\t\t<div data-elementor-type=\"wp-page\" data-elementor-id=\"1126\" class=\"elementor elementor-1126\">\n\t\t\t\t\t\t<section class=\"elementor-section elementor-top-section elementor-element elementor-element-744be25 elementor-section-full_width elementor-section-height-default elementor-section-height-default\" data-id=\"744be25\" data-element_type=\"section\" data-e-type=\"section\" data-settings=\"{&quot;background_background&quot;:&quot;classic&quot;}\">\n\t\t\t\t\t\t<div class=\"elementor-container elementor-column-gap-default\">\n\t\t\t\t\t<div class=\"elementor-column elementor-col-100 elementor-top-column elementor-element elementor-element-b1614e7\" data-id=\"b1614e7\" data-element_type=\"column\" data-e-type=\"column\">\n\t\t\t<div class=\"elementor-widget-wrap elementor-element-populated\">\n\t\t\t\t\t\t<section class=\"elementor-section elementor-inner-section elementor-element elementor-element-43bed10 elementor-section-boxed elementor-section-height-default elementor-section-height-default\" data-id=\"43bed10\" data-element_type=\"section\" data-e-type=\"section\">\n\t\t\t\t\t\t<div class=\"elementor-container elementor-column-gap-default\">\n\t\t\t\t\t<div class=\"elementor-column elementor-col-100 elementor-inner-column elementor-element elementor-element-b98a709\" data-id=\"b98a709\" data-element_type=\"column\" data-e-type=\"column\">\n\t\t\t<div class=\"elementor-widget-wrap elementor-element-populated\">\n\t\t\t\t\t\t<div class=\"elementor-element elementor-element-648af21 elementor-widget elementor-widget-heading\" data-id=\"648af21\" data-element_type=\"widget\" data-e-type=\"widget\" data-widget_type=\"heading.default\">\n\t\t\t\t<div class=\"elementor-widget-container\">\n\t\t\t\t\t<h1 class=\"elementor-heading-title elementor-size-default\">Notre \u00e9cole<\/h1>\t\t\t\t<\/div>\n\t\t\t\t<\/div>\n\t\t\t\t\t<\/div>\n\t\t<\/div>\n\t\t\t\t\t<\/div>\n\t\t<\/section>\n\t\t\t\t\t<\/div>\n\t\t<\/div>\n\t\t\t\t\t<\/div>\n\t\t<\/section>\n\t\t<div class=\"elementor-element elementor-element-62662be3 e-con-full e-flex e-con e-parent\" data-id=\"62662be3\" data-element_type=\"container\" data-e-type=\"container\" data-settings=\"{&quot;background_background&quot;:&quot;classic&quot;}\">\n\t\t\t\t<div class=\"elementor-element elementor-element-55d66952 elementor-widget elementor-widget-heading\" data-id=\"55d66952\" data-element_type=\"widget\" data-e-type=\"widget\" data-widget_type=\"heading.default\">\n\t\t\t\t<div class=\"elementor-widget-container\">\n\t\t\t\t\t<h2 class=\"elementor-heading-title elementor-size-default\">\u00c9cole Mohammadia d\u2019Ing\u00e9nieurs <\/h2>\t\t\t\t<\/div>\n\t\t\t\t<\/div>\n\t\t<div class=\"elementor-element elementor-element-41d4cd9 e-con-full e-flex e-con e-child\" data-id=\"41d4cd9\" data-element_type=\"container\" data-e-type=\"container\">\n\t\t<div class=\"elementor-element elementor-element-61138b56 e-con-full e-flex e-con e-child\" data-id=\"61138b56\" data-element_type=\"container\" data-e-type=\"container\">\n\t\t\t\t<div class=\"elementor-element elementor-element-4e562a3 animated-slow elementor-widget-divider--view-line elementor-invisible elementor-widget elementor-widget-divider\" data-id=\"4e562a3\" data-element_type=\"widget\" data-e-type=\"widget\" data-settings=\"{&quot;_animation&quot;:&quot;fadeIn&quot;}\" data-widget_type=\"divider.default\">\n\t\t\t\t<div class=\"elementor-widget-container\">\n\t\t\t\t\t\t\t<div class=\"elementor-divider\">\n\t\t\t<span class=\"elementor-divider-separator\">\n\t\t\t\t\t\t<\/span>\n\t\t<\/div>\n\t\t\t\t\t\t<\/div>\n\t\t\t\t<\/div>\n\t\t\t\t<div class=\"elementor-element elementor-element-19025fee elementor-invisible elementor-widget elementor-widget-icon-box\" data-id=\"19025fee\" data-element_type=\"widget\" data-e-type=\"widget\" data-settings=\"{&quot;_animation&quot;:&quot;fadeInUp&quot;}\" data-widget_type=\"icon-box.default\">\n\t\t\t\t<div class=\"elementor-widget-container\">\n\t\t\t\t\t\t\t<div class=\"elementor-icon-box-wrapper\">\n\n\t\t\t\n\t\t\t\t\t\t<div class=\"elementor-icon-box-content\">\n\n\t\t\t\t\t\t\t\t\t<h4 class=\"elementor-icon-box-title\">\n\t\t\t\t\t\t<span  >\n\t\t\t\t\t\t\t\u00c9cole Mohammadia d'Ing\u00e9nieurs (AIEM)\t\t\t\t\t\t<\/span>\n\t\t\t\t\t<\/h4>\n\t\t\t\t\n\t\t\t\t\n\t\t\t<\/div>\n\t\t\t\n\t\t<\/div>\n\t\t\t\t\t\t<\/div>\n\t\t\t\t<\/div>\n\t\t\t\t<\/div>\n\t\t<div class=\"elementor-element elementor-element-7973dd8d e-con-full e-flex e-con e-child\" data-id=\"7973dd8d\" data-element_type=\"container\" data-e-type=\"container\">\n\t\t\t\t<div class=\"elementor-element elementor-element-6024d71e animated-slow elementor-widget-divider--view-line elementor-invisible elementor-widget elementor-widget-divider\" data-id=\"6024d71e\" data-element_type=\"widget\" data-e-type=\"widget\" data-settings=\"{&quot;_animation&quot;:&quot;fadeIn&quot;}\" data-widget_type=\"divider.default\">\n\t\t\t\t<div class=\"elementor-widget-container\">\n\t\t\t\t\t\t\t<div class=\"elementor-divider\">\n\t\t\t<span class=\"elementor-divider-separator\">\n\t\t\t\t\t\t<\/span>\n\t\t<\/div>\n\t\t\t\t\t\t<\/div>\n\t\t\t\t<\/div>\n\t\t\t\t<div class=\"elementor-element elementor-element-70827f78 elementor-invisible elementor-widget elementor-widget-icon-box\" data-id=\"70827f78\" data-element_type=\"widget\" data-e-type=\"widget\" data-settings=\"{&quot;_animation&quot;:&quot;fadeInUp&quot;,&quot;_animation_delay&quot;:&quot;200&quot;}\" data-widget_type=\"icon-box.default\">\n\t\t\t\t<div class=\"elementor-widget-container\">\n\t\t\t\t\t\t\t<div class=\"elementor-icon-box-wrapper\">\n\n\t\t\t\n\t\t\t\t\t\t<div class=\"elementor-icon-box-content\">\n\n\t\t\t\t\t\t\t\t\t<h4 class=\"elementor-icon-box-title\">\n\t\t\t\t\t\t<span  >\n\t\t\t\t\t\t\tAIEM Europe\t\t\t\t\t\t<\/span>\n\t\t\t\t\t<\/h4>\n\t\t\t\t\n\t\t\t\t\n\t\t\t<\/div>\n\t\t\t\n\t\t<\/div>\n\t\t\t\t\t\t<\/div>\n\t\t\t\t<\/div>\n\t\t\t\t<\/div>\n\t\t<div class=\"elementor-element elementor-element-60f8b924 e-con-full e-flex e-con e-child\" data-id=\"60f8b924\" data-element_type=\"container\" data-e-type=\"container\">\n\t\t\t\t<div class=\"elementor-element elementor-element-5c5922db animated-slow elementor-widget-divider--view-line elementor-invisible elementor-widget elementor-widget-divider\" data-id=\"5c5922db\" data-element_type=\"widget\" data-e-type=\"widget\" data-settings=\"{&quot;_animation&quot;:&quot;fadeIn&quot;}\" data-widget_type=\"divider.default\">\n\t\t\t\t<div class=\"elementor-widget-container\">\n\t\t\t\t\t\t\t<div class=\"elementor-divider\">\n\t\t\t<span class=\"elementor-divider-separator\">\n\t\t\t\t\t\t<\/span>\n\t\t<\/div>\n\t\t\t\t\t\t<\/div>\n\t\t\t\t<\/div>\n\t\t\t\t<div class=\"elementor-element elementor-element-260d5f33 elementor-invisible elementor-widget elementor-widget-icon-box\" data-id=\"260d5f33\" data-element_type=\"widget\" data-e-type=\"widget\" data-settings=\"{&quot;_animation&quot;:&quot;fadeInUp&quot;,&quot;_animation_delay&quot;:&quot;400&quot;}\" data-widget_type=\"icon-box.default\">\n\t\t\t\t<div class=\"elementor-widget-container\">\n\t\t\t\t\t\t\t<div class=\"elementor-icon-box-wrapper\">\n\n\t\t\t\n\t\t\t\t\t\t<div class=\"elementor-icon-box-content\">\n\n\t\t\t\t\t\t\t\t\t<h4 class=\"elementor-icon-box-title\">\n\t\t\t\t\t\t<span  >\n\t\t\t\t\t\t\tALEMI Am\u00e9rique du nord\t\t\t\t\t\t<\/span>\n\t\t\t\t\t<\/h4>\n\t\t\t\t\n\t\t\t\t\n\t\t\t<\/div>\n\t\t\t\n\t\t<\/div>\n\t\t\t\t\t\t<\/div>\n\t\t\t\t<\/div>\n\t\t\t\t<\/div>\n\t\t<div class=\"elementor-element elementor-element-180dbb3 e-con-full e-flex e-con e-child\" data-id=\"180dbb3\" data-element_type=\"container\" data-e-type=\"container\">\n\t\t\t\t<div class=\"elementor-element elementor-element-58bc628e animated-slow elementor-widget-divider--view-line elementor-invisible elementor-widget elementor-widget-divider\" data-id=\"58bc628e\" data-element_type=\"widget\" data-e-type=\"widget\" data-settings=\"{&quot;_animation&quot;:&quot;fadeIn&quot;}\" data-widget_type=\"divider.default\">\n\t\t\t\t<div class=\"elementor-widget-container\">\n\t\t\t\t\t\t\t<div class=\"elementor-divider\">\n\t\t\t<span class=\"elementor-divider-separator\">\n\t\t\t\t\t\t<\/span>\n\t\t<\/div>\n\t\t\t\t\t\t<\/div>\n\t\t\t\t<\/div>\n\t\t\t\t<div class=\"elementor-element elementor-element-3ab868a0 elementor-invisible elementor-widget elementor-widget-icon-box\" data-id=\"3ab868a0\" data-element_type=\"widget\" data-e-type=\"widget\" data-settings=\"{&quot;_animation&quot;:&quot;fadeInUp&quot;,&quot;_animation_delay&quot;:&quot;600&quot;}\" data-widget_type=\"icon-box.default\">\n\t\t\t\t<div class=\"elementor-widget-container\">\n\t\t\t\t\t\t\t<div class=\"elementor-icon-box-wrapper\">\n\n\t\t\t\n\t\t\t\t\t\t<div class=\"elementor-icon-box-content\">\n\n\t\t\t\t\t\t\t\t\t<h4 class=\"elementor-icon-box-title\">\n\t\t\t\t\t\t<span  >\n\t\t\t\t\t\t\tAIEM Afrique\t\t\t\t\t\t<\/span>\n\t\t\t\t\t<\/h4>\n\t\t\t\t\n\t\t\t\t\n\t\t\t<\/div>\n\t\t\t\n\t\t<\/div>\n\t\t\t\t\t\t<\/div>\n\t\t\t\t<\/div>\n\t\t\t\t<\/div>\n\t\t\t\t<\/div>\n\t\t\t\t<\/div>\n\t\t<div class=\"elementor-element elementor-element-6459d9e e-flex e-con-boxed e-con e-parent\" data-id=\"6459d9e\" data-element_type=\"container\" data-e-type=\"container\">\n\t\t\t\t\t<div class=\"e-con-inner\">\n\t\t<div class=\"elementor-element elementor-element-54b169a e-con-full e-flex e-con e-child\" data-id=\"54b169a\" data-element_type=\"container\" data-e-type=\"container\">\n\t\t\t\t<div class=\"elementor-element elementor-element-7475f0f elementor-widget elementor-widget-image\" data-id=\"7475f0f\" data-element_type=\"widget\" data-e-type=\"widget\" data-widget_type=\"image.default\">\n\t\t\t\t<div class=\"elementor-widget-container\">\n\t\t\t\t\t\t\t\t\t\t\t\t\t\t\t<img fetchpriority=\"high\" decoding=\"async\" width=\"750\" height=\"422\" src=\"https:\/\/emiamerica.ca\/wp-content\/uploads\/2023\/10\/1-1024x576.webp\" class=\"attachment-large size-large wp-image-2408\" alt=\"\" srcset=\"https:\/\/emiamerica.ca\/wp-content\/uploads\/2023\/10\/1-1024x576.webp 1024w, https:\/\/emiamerica.ca\/wp-content\/uploads\/2023\/10\/1-300x169.webp 300w, https:\/\/emiamerica.ca\/wp-content\/uploads\/2023\/10\/1-768x432.webp 768w, https:\/\/emiamerica.ca\/wp-content\/uploads\/2023\/10\/1-570x320.webp 570w, https:\/\/emiamerica.ca\/wp-content\/uploads\/2023\/10\/1-1536x864.webp 1536w, https:\/\/emiamerica.ca\/wp-content\/uploads\/2023\/10\/1.webp 1920w\" sizes=\"(max-width: 750px) 100vw, 750px\" \/>\t\t\t\t\t\t\t\t\t\t\t\t\t\t\t<\/div>\n\t\t\t\t<\/div>\n\t\t\t\t<div class=\"elementor-element elementor-element-6a6e0f9 elementor-widget elementor-widget-image\" data-id=\"6a6e0f9\" data-element_type=\"widget\" data-e-type=\"widget\" data-widget_type=\"image.default\">\n\t\t\t\t<div class=\"elementor-widget-container\">\n\t\t\t\t\t\t\t\t\t\t\t\t\t\t\t<img decoding=\"async\" width=\"750\" height=\"422\" src=\"https:\/\/emiamerica.ca\/wp-content\/uploads\/2023\/10\/2-1024x576.webp\" class=\"attachment-large size-large wp-image-2409\" alt=\"\" srcset=\"https:\/\/emiamerica.ca\/wp-content\/uploads\/2023\/10\/2-1024x576.webp 1024w, https:\/\/emiamerica.ca\/wp-content\/uploads\/2023\/10\/2-300x169.webp 300w, https:\/\/emiamerica.ca\/wp-content\/uploads\/2023\/10\/2-768x432.webp 768w, https:\/\/emiamerica.ca\/wp-content\/uploads\/2023\/10\/2-570x320.webp 570w, https:\/\/emiamerica.ca\/wp-content\/uploads\/2023\/10\/2-1536x864.webp 1536w, https:\/\/emiamerica.ca\/wp-content\/uploads\/2023\/10\/2.webp 1920w\" sizes=\"(max-width: 750px) 100vw, 750px\" \/>\t\t\t\t\t\t\t\t\t\t\t\t\t\t\t<\/div>\n\t\t\t\t<\/div>\n\t\t\t\t<div class=\"elementor-element elementor-element-c7f64bd elementor-widget elementor-widget-image\" data-id=\"c7f64bd\" data-element_type=\"widget\" data-e-type=\"widget\" data-widget_type=\"image.default\">\n\t\t\t\t<div class=\"elementor-widget-container\">\n\t\t\t\t\t\t\t\t\t\t\t\t\t\t\t<img decoding=\"async\" width=\"750\" height=\"500\" src=\"https:\/\/emiamerica.ca\/wp-content\/uploads\/2023\/10\/3-1024x683.webp\" class=\"attachment-large size-large wp-image-2410\" alt=\"\" srcset=\"https:\/\/emiamerica.ca\/wp-content\/uploads\/2023\/10\/3-1024x683.webp 1024w, https:\/\/emiamerica.ca\/wp-content\/uploads\/2023\/10\/3-300x200.webp 300w, https:\/\/emiamerica.ca\/wp-content\/uploads\/2023\/10\/3-768x512.webp 768w, https:\/\/emiamerica.ca\/wp-content\/uploads\/2023\/10\/3-370x247.webp 370w, https:\/\/emiamerica.ca\/wp-content\/uploads\/2023\/10\/3-270x180.webp 270w, https:\/\/emiamerica.ca\/wp-content\/uploads\/2023\/10\/3-1536x1025.webp 1536w, https:\/\/emiamerica.ca\/wp-content\/uploads\/2023\/10\/3-360x240.webp 360w, https:\/\/emiamerica.ca\/wp-content\/uploads\/2023\/10\/3.webp 1920w\" sizes=\"(max-width: 750px) 100vw, 750px\" \/>\t\t\t\t\t\t\t\t\t\t\t\t\t\t\t<\/div>\n\t\t\t\t<\/div>\n\t\t\t\t<\/div>\n\t\t<div class=\"elementor-element elementor-element-05ffc66 e-con-full e-flex e-con e-child\" data-id=\"05ffc66\" data-element_type=\"container\" data-e-type=\"container\">\n\t\t\t\t<div class=\"elementor-element elementor-element-64dd36f elementor-widget elementor-widget-heading\" data-id=\"64dd36f\" data-element_type=\"widget\" data-e-type=\"widget\" data-widget_type=\"heading.default\">\n\t\t\t\t<div class=\"elementor-widget-container\">\n\t\t\t\t\t<p class=\"elementor-heading-title elementor-size-default\">Le 24 octobre 1959, Sa Majest\u00e9 Mohammed V inaugurait officiellement le chantier de construction de l\u2019Ecole Mohammadia d\u2019Ing\u00e9nieurs. Un an plus tard, les 42 \u00e9l\u00e8ves ing\u00e9nieurs admis \u00e0 l\u2019EMI parmi 150 candidats s\u00e9lectionn\u00e9s, faisaient leur premi\u00e8re entr\u00e9e \u00e0 l'\u00c9cole, la communaut\u00e9 des \u201cEMIstes\u201d \u00e9tait n\u00e9e.\n<br><br>\nQuatre ans plus tard, en juin 1964, 34 ing\u00e9nieurs, les premiers form\u00e9s \u00e0 l\u2019EMI, vont cr\u00e9er l\u2019Association des Ing\u00e9nieurs de l\u2019Ecole Mohammadia (AIEM) pour maintenir les liens entre les laur\u00e9ats de l\u2019Ecole; mission qui va, par la suite, s\u2019\u00e9largir progressivement au profit des ing\u00e9nieurs Emistes, de leur \u00c9cole et de notre pays.\n<br><br>\nAinsi, l\u2019histoire de la communaut\u00e9 des Emistes co\u00efncide pratiquement avec celle du Maroc ind\u00e9pendant et le Maroc a tellement \u00e9volu\u00e9 depuis le d\u00e9but des ann\u00e9es 1960, passant des incertitudes et des t\u00e2tonnements de la p\u00e9riode post-coloniale \u00e0 la construction et \u00e0 la consolidation du statut d\u2019un pays \u00e9mergent \u00e0 l\u2019\u00e9chelle r\u00e9gionale et mondiale.\n<br><br>\nLes ing\u00e9nieurs de l\u2019EMI ont \u00e9norm\u00e9ment contribu\u00e9 \u00e0 cette \u00e9volution dans les domaines o\u00f9 ils ont \u00e9t\u00e9 pr\u00e9sents. Cette contribution, m\u00eame si elle n\u2019a pas \u00e9t\u00e9 suffisamment visible ou mise en valeur, s\u2019est faite, entre autres, dans les administrations centrales, dans les si\u00e8ges des entreprises et dans les \u00e9tablissements universitaires bas\u00e9s dans les grandes villes, mais aussi et surtout dans les services ext\u00e9rieurs des minist\u00e8res, dans les chantiers des barrages, des routes et des ports, dans les mines et les usines, et dans d\u2019autres installations ou structures situ\u00e9es dans des r\u00e9gions recul\u00e9es et parfois dans des environnements de vie et de travail difficiles.\n<br><br>\nNotre communaut\u00e9 conna\u00eet donc profond\u00e9ment le Maroc dans toute l\u2019\u00e9tendue du territoire national et porte son rayonnement au-del\u00e0 des fronti\u00e8res. Premier groupement d\u2019ing\u00e9nieurs du Maroc, l\u2019AIEM continuera \u00e0 participer, avec le m\u00eame d\u00e9vouement et la m\u00eame abn\u00e9gation, aux nouvelles dynamiques de d\u00e9veloppement du Royaume dans toutes leurs dimensions: r\u00e9gionalisation avanc\u00e9e, acc\u00e9l\u00e9ration industrielle, \u00e9conomie du savoir, richesse immat\u00e9rielle, d\u00e9veloppement durable, d\u00e9veloppement humain, coop\u00e9ration sud-sud,\u2026\n<br><br>\nPour cette contribution, notre Association et ses membres utiliseront, individuellement et collectivement, tous les moyens dont ils disposent et en particulier ce que les ing\u00e9nieurs ont le plus, le savoir, et en plus, ils sont form\u00e9s pour le transformer en solutions, en innovations et en d\u00e9veloppement.<\/p>\t\t\t\t<\/div>\n\t\t\t\t<\/div>\n\t\t\t\t<\/div>\n\t\t\t\t\t<\/div>\n\t\t\t\t<\/div>\n\t\t\t\t<\/div>\n\t\t","protected":false},"excerpt":{"rendered":"<p>Notre \u00e9cole \u00c9cole Mohammadia d\u2019Ing\u00e9nieurs \u00c9cole Mohammadia d&#8217;Ing\u00e9nieurs (AIEM) AIEM Europe ALEMI Am\u00e9rique du nord AIEM Afrique Le 24 octobre 1959, Sa Majest\u00e9 Mohammed V inaugurait officiellement le chantier de [&hellip;]<\/p>\n","protected":false},"author":1,"featured_media":0,"parent":0,"menu_order":0,"comment_status":"closed","ping_status":"closed","template":"","meta":{"footnotes":""},"class_list":["post-1126","page","type-page","status-publish","hentry","rishi-post","no-post-thumbnail"],"rishi__cb_customizer_meta":{"page_title_panel":"","page_title_hero_section":"default","breadcrumbs_single_page":"no","single_page_alignment":"left","single_page_margin":{"desktop":50,"tablet":30,"mobile":30},"9855a68bf90afbe96ebd4842f6bb3022":"","page_structure_type":"default","b74d01e1db5c3acc729310a4c5be0d06":"","content_style_source":"inherit","content_style":"box-layout","blog_page_streched_ed":"no","vertical_spacing_source":"custom","content_area_spacing":"none","single_page_content_background":{"background_type":"color","background_pattern":"type-1","background_image":{"attachment_id":null,"x":0,"y":0},"gradient":"linear-gradient(135deg,rgba(6,147,227,1) 0%,rgb(155,81,224) 100%)","background_repeat":"no-repeat","background_size":"auto","background_attachment":"scroll","patternColor":{"default":{"color":"#e5e7ea"}},"overlayColor":{"default":{"color":"CT_CSS_SKIP_RULE"}},"backgroundColor":{"default":{"color":"var(--paletteColor5)"}}},"single_page_content_boxed_shadow":{"inherit":false,"blur":18,"spread":-6,"v_offset":12,"h_offset":0,"inset":false,"enable":false,"color":{"color":"rgba(34, 56, 101, 0.04)"}},"single_page_boxed_content_spacing":{"top":"40px","bottom":"40px","left":"40px","right":"40px","linked":true},"single_page_content_boxed_radius":{"top":"3px","bottom":"3px","left":"3px","right":"3px","linked":true},"dac40fef6fb06f7918f8ed80ba5ae3f4":"","disable_featured_image":"no","disable_comments":"no","disable_header":"no","disable_footer":"no"},"_links":{"self":[{"href":"https:\/\/emiamerica.ca\/index.php?rest_route=\/wp\/v2\/pages\/1126","targetHints":{"allow":["GET"]}}],"collection":[{"href":"https:\/\/emiamerica.ca\/index.php?rest_route=\/wp\/v2\/pages"}],"about":[{"href":"https:\/\/emiamerica.ca\/index.php?rest_route=\/wp\/v2\/types\/page"}],"author":[{"embeddable":true,"href":"https:\/\/emiamerica.ca\/index.php?rest_route=\/wp\/v2\/users\/1"}],"replies":[{"embeddable":true,"href":"https:\/\/emiamerica.ca\/index.php?rest_route=%2Fwp%2Fv2%2Fcomments&post=1126"}],"version-history":[{"count":5,"href":"https:\/\/emiamerica.ca\/index.php?rest_route=\/wp\/v2\/pages\/1126\/revisions"}],"predecessor-version":[{"id":2431,"href":"https:\/\/emiamerica.ca\/index.php?rest_route=\/wp\/v2\/pages\/1126\/revisions\/2431"}],"wp:attachment":[{"href":"https:\/\/emiamerica.ca\/index.php?rest_route=%2Fwp%2Fv2%2Fmedia&parent=1126"}],"curies":[{"name":"wp","href":"https:\/\/api.w.org\/{rel}","templated":true}]}}